{"id":13,"date":"2020-10-20T15:45:14","date_gmt":"2020-10-20T15:45:14","guid":{"rendered":"https:\/\/startertemplatecloud.com\/e03\/?page_id=13"},"modified":"2022-11-11T19:16:19","modified_gmt":"2022-11-11T19:16:19","slug":"kontakt","status":"publish","type":"page","link":"https:\/\/wielkiczlowiekwmalymdomu.pl\/index.php\/kontakt\/","title":{"rendered":"Kontakt"},"content":{"rendered":"\t\t<div data-elementor-type=\"wp-page\" data-elementor-id=\"13\" class=\"elementor elementor-13\">\n\t\t\t\t\t\t\t\t\t<section class=\"elementor-section elementor-top-section elementor-element elementor-element-7c883754 elementor-section-boxed elementor-section-height-default elementor-section-height-default\" data-id=\"7c883754\" data-element_type=\"section\">\n\t\t\t\t\t\t<div class=\"elementor-container elementor-column-gap-default\">\n\t\t\t\t\t<div class=\"elementor-column elementor-col-100 elementor-top-column elementor-element elementor-element-2dfbc308\" data-id=\"2dfbc308\" data-element_type=\"column\">\n\t\t\t<div class=\"elementor-widget-wrap elementor-element-populated\">\n\t\t\t\t\t\t\t\t<div class=\"elementor-element elementor-element-1b76d053 elementor-widget elementor-widget-heading\" data-id=\"1b76d053\" data-element_type=\"widget\" data-widget_type=\"heading.default\">\n\t\t\t\t<div class=\"elementor-widget-container\">\n\t\t\t<h1 class=\"elementor-heading-title elementor-size-default\">KONTAKT<\/h1>\t\t<\/div>\n\t\t\t\t<\/div>\n\t\t\t\t\t<\/div>\n\t\t<\/div>\n\t\t\t\t\t\t\t<\/div>\n\t\t<\/section>\n\t\t\t\t<section class=\"elementor-section elementor-top-section elementor-element elementor-element-ab0d4fa elementor-section-boxed elementor-section-height-default elementor-section-height-default\" data-id=\"ab0d4fa\" data-element_type=\"section\">\n\t\t\t\t\t\t<div class=\"elementor-container elementor-column-gap-default\">\n\t\t\t\t\t<div class=\"elementor-column elementor-col-50 elementor-top-column elementor-element elementor-element-2d422b80\" data-id=\"2d422b80\" data-element_type=\"column\" data-settings=\"{&quot;background_background&quot;:&quot;classic&quot;}\">\n\t\t\t<div class=\"elementor-widget-wrap elementor-element-populated\">\n\t\t\t\t\t\t\t\t<section class=\"elementor-section elementor-inner-section elementor-element elementor-element-2c3a57f6 elementor-section-boxed elementor-section-height-default elementor-section-height-default\" data-id=\"2c3a57f6\" data-element_type=\"section\" data-settings=\"{&quot;background_background&quot;:&quot;classic&quot;}\">\n\t\t\t\t\t\t<div class=\"elementor-container elementor-column-gap-default\">\n\t\t\t\t\t<div class=\"elementor-column elementor-col-100 elementor-inner-column elementor-element elementor-element-1c2d77d3\" data-id=\"1c2d77d3\" data-element_type=\"column\" data-settings=\"{&quot;background_background&quot;:&quot;classic&quot;}\">\n\t\t\t<div class=\"elementor-widget-wrap\">\n\t\t\t\t\t\t\t\t\t<\/div>\n\t\t<\/div>\n\t\t\t\t\t\t\t<\/div>\n\t\t<\/section>\n\t\t\t\t\t<\/div>\n\t\t<\/div>\n\t\t\t\t<div class=\"elementor-column elementor-col-50 elementor-top-column elementor-element elementor-element-20e2c97\" data-id=\"20e2c97\" data-element_type=\"column\">\n\t\t\t<div class=\"elementor-widget-wrap elementor-element-populated\">\n\t\t\t\t\t\t\t\t<div class=\"elementor-element elementor-element-295efc0 elementor-widget elementor-widget-spacer\" data-id=\"295efc0\" data-element_type=\"widget\" data-widget_type=\"spacer.default\">\n\t\t\t\t<div class=\"elementor-widget-container\">\n\t\t\t\t\t<div class=\"elementor-spacer\">\n\t\t\t<div class=\"elementor-spacer-inner\"><\/div>\n\t\t<\/div>\n\t\t\t\t<\/div>\n\t\t\t\t<\/div>\n\t\t\t\t<div class=\"elementor-element elementor-element-cf64b40 elementor-widget elementor-widget-heading\" data-id=\"cf64b40\" data-element_type=\"widget\" data-widget_type=\"heading.default\">\n\t\t\t\t<div class=\"elementor-widget-container\">\n\t\t\t<h5 class=\"elementor-heading-title elementor-size-default\">FUNDACJA \u017bYWA PRZESTRZE\u0143<\/h5>\t\t<\/div>\n\t\t\t\t<\/div>\n\t\t\t\t<div class=\"elementor-element elementor-element-ce2fdba elementor-widget elementor-widget-text-editor\" data-id=\"ce2fdba\" data-element_type=\"widget\" data-widget_type=\"text-editor.default\">\n\t\t\t\t<div class=\"elementor-widget-container\">\n\t\t\t\t\t\t\t<p><a href=\"mailto:fundacja@zywa-przestrzen.org.pl\"><span class=\"icon-mail\">\u00a0fundacja@zywa-przestrzen.org.pl<\/span><\/a><\/p><table><tbody><tr><td>KRS<\/td><td>0000791781<\/td><\/tr><tr><td>NIP<\/td><td>5632438673<\/td><\/tr><tr><td>REGON<\/td><td>383690568<\/td><\/tr><\/tbody><\/table><table><tbody><tr><td><span class=\"icon-location\">Siedziba<\/span><\/td><td>\u00a0<\/td><\/tr><tr><td><strong>Bry\u0144sk<\/strong><\/td><td>13-230 Lidzbark<\/td><\/tr><tr><td>Powiat<\/td><td>dzia\u0142dowski<\/td><\/tr><tr><td>Wojew\u00f3dztwo<\/td><td>warmi\u0144sko-mazurskie<\/td><\/tr><\/tbody><\/table><table><tbody><tr><td><span class=\"icon-location\">Oddzia\u0142<\/span><\/td><td>\u00a0<\/td><\/tr><tr><td><strong>\u017buromin<\/strong><\/td><td>09-300 \u017buromin<\/td><\/tr><tr><td>Powiat<\/td><td>\u017curomi\u0144ski<\/td><\/tr><tr><td>Wojew\u00f3dztwo<\/td><td>mazowieckie<\/td><\/tr><\/tbody><\/table>\t\t\t\t\t\t<\/div>\n\t\t\t\t<\/div>\n\t\t\t\t\t<\/div>\n\t\t<\/div>\n\t\t\t\t\t\t\t<\/div>\n\t\t<\/section>\n\t\t\t\t<section class=\"elementor-section elementor-top-section elementor-element elementor-element-7e03fa3 elementor-section-boxed elementor-section-height-default elementor-section-height-default\" data-id=\"7e03fa3\" data-element_type=\"section\">\n\t\t\t\t\t\t<div class=\"elementor-container elementor-column-gap-default\">\n\t\t\t\t\t<div class=\"elementor-column elementor-col-100 elementor-top-column elementor-element elementor-element-c767d0b\" data-id=\"c767d0b\" data-element_type=\"column\">\n\t\t\t<div class=\"elementor-widget-wrap elementor-element-populated\">\n\t\t\t\t\t\t\t\t<div class=\"elementor-element elementor-element-b385ce1 elementor-widget elementor-widget-image\" data-id=\"b385ce1\" data-element_type=\"widget\" data-widget_type=\"image.default\">\n\t\t\t\t<div class=\"elementor-widget-container\">\n\t\t\t\t\t\t\t\t\t\t\t\t\t\t\t<img loading=\"lazy\" decoding=\"async\" width=\"1024\" height=\"448\" src=\"https:\/\/wielkiczlowiekwmalymdomu.pl\/wp-content\/uploads\/2021\/07\/mapa-Fundacja-BRYNSK-1024x448.jpg\" class=\"attachment-large size-large wp-image-1308\" alt=\"\" srcset=\"https:\/\/wielkiczlowiekwmalymdomu.pl\/wp-content\/uploads\/2021\/07\/mapa-Fundacja-BRYNSK-1024x448.jpg 1024w, https:\/\/wielkiczlowiekwmalymdomu.pl\/wp-content\/uploads\/2021\/07\/mapa-Fundacja-BRYNSK-600x263.jpg 600w, https:\/\/wielkiczlowiekwmalymdomu.pl\/wp-content\/uploads\/2021\/07\/mapa-Fundacja-BRYNSK-300x131.jpg 300w, https:\/\/wielkiczlowiekwmalymdomu.pl\/wp-content\/uploads\/2021\/07\/mapa-Fundacja-BRYNSK-768x336.jpg 768w, https:\/\/wielkiczlowiekwmalymdomu.pl\/wp-content\/uploads\/2021\/07\/mapa-Fundacja-BRYNSK.jpg 1346w\" sizes=\"auto, (max-width: 1024px) 100vw, 1024px\" \/>\t\t\t\t\t\t\t\t\t\t\t\t\t\t\t<\/div>\n\t\t\t\t<\/div>\n\t\t\t\t\t<\/div>\n\t\t<\/div>\n\t\t\t\t\t\t\t<\/div>\n\t\t<\/section>\n\t\t\t\t\t\t\t<\/div>\n\t\t","protected":false},"excerpt":{"rendered":"<p>KONTAKT FUNDACJA \u017bYWA PRZESTRZE\u0143 \u00a0fundacja@zywa-przestrzen.org.pl KRS 0000791781 NIP 5632438673 REGON 383690568 Siedziba \u00a0 Bry\u0144sk 13-230 Lidzbark Powiat dzia\u0142dowski Wojew\u00f3dztwo warmi\u0144sko-mazurskie Oddzia\u0142 \u00a0 \u017buromin 09-300 \u017buromin Powiat \u017curomi\u0144ski Wojew\u00f3dztwo mazowieckie<\/p>\n","protected":false},"author":1,"featured_media":0,"parent":0,"menu_order":0,"comment_status":"closed","ping_status":"closed","template":"","meta":{"_kad_post_transparent":"","_kad_post_title":"hide","_kad_post_layout":"fullwidth","_kad_post_sidebar_id":"","_kad_post_content_style":"unboxed","_kad_post_vertical_padding":"hide","_kad_post_feature":"hide","_kad_post_feature_position":"","_kad_post_header":false,"_kad_post_footer":false,"footnotes":""},"class_list":["post-13","page","type-page","status-publish","hentry"],"yoast_head":"<!-- This site is optimized with the Yoast SEO plugin v16.6.1 - https:\/\/yoast.com\/wordpress\/plugins\/seo\/ -->\n<title>Kontakt - Wielki Cz\u0142owiek w Ma\u0142ym Domu<\/title>\n<meta name=\"robots\" content=\"index, follow, max-snippet:-1, max-image-preview:large, max-video-preview:-1\" \/>\n<link rel=\"canonical\" href=\"https:\/\/wielkiczlowiekwmalymdomu.pl\/index.php\/kontakt\/\" \/>\n<meta property=\"og:locale\" content=\"pl_PL\" \/>\n<meta property=\"og:type\" content=\"article\" \/>\n<meta property=\"og:title\" content=\"Kontakt - Wielki Cz\u0142owiek w Ma\u0142ym Domu\" \/>\n<meta property=\"og:description\" content=\"KONTAKT FUNDACJA \u017bYWA PRZESTRZE\u0143 \u00a0fundacja@zywa-przestrzen.org.pl KRS 0000791781 NIP 5632438673 REGON 383690568 Siedziba \u00a0 Bry\u0144sk 13-230 Lidzbark Powiat dzia\u0142dowski Wojew\u00f3dztwo warmi\u0144sko-mazurskie Oddzia\u0142 \u00a0 \u017buromin 09-300 \u017buromin Powiat \u017curomi\u0144ski Wojew\u00f3dztwo mazowieckie\" \/>\n<meta property=\"og:url\" content=\"https:\/\/wielkiczlowiekwmalymdomu.pl\/index.php\/kontakt\/\" \/>\n<meta property=\"og:site_name\" content=\"Wielki Cz\u0142owiek w Ma\u0142ym Domu\" \/>\n<meta property=\"article:modified_time\" content=\"2022-11-11T19:16:19+00:00\" \/>\n<meta property=\"og:image\" content=\"https:\/\/wielkiczlowiekwmalymdomu.pl\/wp-content\/uploads\/2021\/07\/mapa-Fundacja-BRYNSK-1024x448.jpg\" \/>\n<meta name=\"twitter:card\" content=\"summary_large_image\" \/>\n<meta name=\"twitter:label1\" content=\"Szacowany czas czytania\" \/>\n\t<meta name=\"twitter:data1\" content=\"1 minuta\" \/>\n<script type=\"application\/ld+json\" class=\"yoast-schema-graph\">{\"@context\":\"https:\/\/schema.org\",\"@graph\":[{\"@type\":\"WebSite\",\"@id\":\"https:\/\/wielkiczlowiekwmalymdomu.pl\/#website\",\"url\":\"https:\/\/wielkiczlowiekwmalymdomu.pl\/\",\"name\":\"Wielki Cz\\u0142owiek w Ma\\u0142ym Domu\",\"description\":\"Ekologiczne rozwi\\u0105zania dla Ciebie i domu\",\"potentialAction\":[{\"@type\":\"SearchAction\",\"target\":{\"@type\":\"EntryPoint\",\"urlTemplate\":\"https:\/\/wielkiczlowiekwmalymdomu.pl\/?s={search_term_string}\"},\"query-input\":\"required name=search_term_string\"}],\"inLanguage\":\"pl-PL\"},{\"@type\":\"ImageObject\",\"@id\":\"https:\/\/wielkiczlowiekwmalymdomu.pl\/index.php\/kontakt\/#primaryimage\",\"inLanguage\":\"pl-PL\",\"url\":\"https:\/\/wielkiczlowiekwmalymdomu.pl\/wp-content\/uploads\/2021\/07\/mapa-Fundacja-BRYNSK.jpg\",\"contentUrl\":\"https:\/\/wielkiczlowiekwmalymdomu.pl\/wp-content\/uploads\/2021\/07\/mapa-Fundacja-BRYNSK.jpg\",\"width\":1346,\"height\":589},{\"@type\":\"WebPage\",\"@id\":\"https:\/\/wielkiczlowiekwmalymdomu.pl\/index.php\/kontakt\/#webpage\",\"url\":\"https:\/\/wielkiczlowiekwmalymdomu.pl\/index.php\/kontakt\/\",\"name\":\"Kontakt - Wielki Cz\\u0142owiek w Ma\\u0142ym Domu\",\"isPartOf\":{\"@id\":\"https:\/\/wielkiczlowiekwmalymdomu.pl\/#website\"},\"primaryImageOfPage\":{\"@id\":\"https:\/\/wielkiczlowiekwmalymdomu.pl\/index.php\/kontakt\/#primaryimage\"},\"datePublished\":\"2020-10-20T15:45:14+00:00\",\"dateModified\":\"2022-11-11T19:16:19+00:00\",\"breadcrumb\":{\"@id\":\"https:\/\/wielkiczlowiekwmalymdomu.pl\/index.php\/kontakt\/#breadcrumb\"},\"inLanguage\":\"pl-PL\",\"potentialAction\":[{\"@type\":\"ReadAction\",\"target\":[\"https:\/\/wielkiczlowiekwmalymdomu.pl\/index.php\/kontakt\/\"]}]},{\"@type\":\"BreadcrumbList\",\"@id\":\"https:\/\/wielkiczlowiekwmalymdomu.pl\/index.php\/kontakt\/#breadcrumb\",\"itemListElement\":[{\"@type\":\"ListItem\",\"position\":1,\"name\":\"Strona g\\u0142\\u00f3wna\",\"item\":\"https:\/\/wielkiczlowiekwmalymdomu.pl\/\"},{\"@type\":\"ListItem\",\"position\":2,\"name\":\"Kontakt\"}]}]}<\/script>\n<!-- \/ Yoast SEO plugin. -->","_links":{"self":[{"href":"https:\/\/wielkiczlowiekwmalymdomu.pl\/index.php\/wp-json\/wp\/v2\/pages\/13","targetHints":{"allow":["GET"]}}],"collection":[{"href":"https:\/\/wielkiczlowiekwmalymdomu.pl\/index.php\/wp-json\/wp\/v2\/pages"}],"about":[{"href":"https:\/\/wielkiczlowiekwmalymdomu.pl\/index.php\/wp-json\/wp\/v2\/types\/page"}],"author":[{"embeddable":true,"href":"https:\/\/wielkiczlowiekwmalymdomu.pl\/index.php\/wp-json\/wp\/v2\/users\/1"}],"replies":[{"embeddable":true,"href":"https:\/\/wielkiczlowiekwmalymdomu.pl\/index.php\/wp-json\/wp\/v2\/comments?post=13"}],"version-history":[{"count":14,"href":"https:\/\/wielkiczlowiekwmalymdomu.pl\/index.php\/wp-json\/wp\/v2\/pages\/13\/revisions"}],"predecessor-version":[{"id":2128,"href":"https:\/\/wielkiczlowiekwmalymdomu.pl\/index.php\/wp-json\/wp\/v2\/pages\/13\/revisions\/2128"}],"wp:attachment":[{"href":"https:\/\/wielkiczlowiekwmalymdomu.pl\/index.php\/wp-json\/wp\/v2\/media?parent=13"}],"curies":[{"name":"wp","href":"https:\/\/api.w.org\/{rel}","templated":true}]}}